{"id":53,"date":"2024-03-28T13:55:18","date_gmt":"2024-03-28T13:55:18","guid":{"rendered":"https:\/\/karesleather.com\/en\/?page_id=53"},"modified":"2024-03-28T16:22:46","modified_gmt":"2024-03-28T16:22:46","slug":"faq-frequently-asked-questions","status":"publish","type":"page","link":"https:\/\/karesleather.com\/en\/faq-frequently-asked-questions\/","title":{"rendered":"FAQ \u2013 Frequently Asked Questions"},"content":{"rendered":"\n<details class=\"wp-block-details is-layout-flow wp-block-details-is-layout-flow\"><summary>What is exotic leather?<\/summary>\n<p>They are generally skins obtained from animals not raised for consumption. It includes Python snake leather, Crocodile leatherand Ostrich leathertypes that we mainly import.<\/p>\n<\/details>\n\n\n\n<details class=\"wp-block-details is-layout-flow wp-block-details-is-layout-flow\"><summary>Are there color limitations on exotic leathers?<\/summary>\n<p>Apart from natural colors and primary colors black and brown, printing in any color and gold, silver paper is possible upon request.<\/p>\n<\/details>\n\n\n\n<details class=\"wp-block-details is-layout-flow wp-block-details-is-layout-flow\"><summary>For my exotic leather order, do you sell by size or quantity?<\/summary>\n<p>Our sales are by quantity.<\/p>\n<\/details>\n\n\n\n<details class=\"wp-block-details is-layout-flow wp-block-details-is-layout-flow\"><summary>What are the python snake leather measurements?<\/summary>\n<p>The average height is between 3.50 cm and 4.50 cm, and the width is between 32 cm and 40 cm.<\/p>\n<\/details>\n\n\n\n<details class=\"wp-block-details is-layout-flow wp-block-details-is-layout-flow\"><summary>What is the minimum amount I can order exotic leathers?<\/summary>\n<p>We will be pleased to accommodate your orders starting from one quantity.<\/p>\n<\/details>\n\n\n\n<details class=\"wp-block-details is-layout-flow wp-block-details-is-layout-flow\"><summary>Do you deliver my orders?<\/summary>\n<p>If you are in Istanbul, you can pick it up from our office in Zeytinburnu, or we can deliver it.<\/p>\n<\/details>\n\n\n\n<details class=\"wp-block-details is-layout-flow wp-block-details-is-layout-flow\"><summary>\u0130stanbul d\u0131\u015f\u0131na sat\u0131\u015f\u0131n\u0131z var m\u0131?<\/summary>\n<p>Yes there is, please fill out the form. <a href=\"https:\/\/karesleather.com\/en\/contact\/\">Contact us<\/a><\/p>\n<\/details>\n\n\n\n<details class=\"wp-block-details is-layout-flow wp-block-details-is-layout-flow\"><summary>Do you charge shipping fees?<\/summary>\n<p>No, we do not charge shipping fees.<\/p>\n<\/details>\n\n\n\n<details class=\"wp-block-details is-layout-flow wp-block-details-is-layout-flow\"><summary>What is CITES?<\/summary>\n<p>It is a convention on international trade in endangered species of wild animals and plants.<\/p>\n<\/details>\n\n\n\n<details class=\"wp-block-details is-layout-flow wp-block-details-is-layout-flow\"><summary>Do the products you sell have a CITES certificate?<\/summary>\n<p>As Kares leather, all the exotic leathers we import and sell have a CITES certificate.<\/p>\n<\/details>\n\n\n\n<details class=\"wp-block-details is-layout-flow wp-block-details-is-layout-flow\"><summary>What is your most important different feature?<\/summary>\n<p>We are ready to assist you with information on the jacket production stages of the leathers you will purchase from us, with our three-generation leather product production experience.<\/p>\n<\/details>\n\n\n\n<hr class=\"wp-block-separator has-alpha-channel-opacity is-style-wide\"\/>\n","protected":false},"excerpt":{"rendered":"","protected":false},"author":1,"featured_media":0,"parent":0,"menu_order":0,"comment_status":"closed","ping_status":"closed","template":"","meta":{"footnotes":""},"class_list":["post-53","page","type-page","status-publish","hentry","latest_post"],"yoast_head":"<!-- This site is optimized with the Yoast SEO Premium plugin v26.3 (Yoast SEO v26.9) - https:\/\/yoast.com\/product\/yoast-seo-premium-wordpress\/ -->\n<title>FAQ \u2013 Frequently Asked Questions - Welcome.<\/title>\n<meta name=\"description\" content=\"Kares Leather aims to present the leather craftsmanship experiences it has accumulated over three generations at the highest level.\" \/>\n<meta name=\"robots\" content=\"index, follow, max-snippet:-1, max-image-preview:large, max-video-preview:-1\" \/>\n<link rel=\"canonical\" href=\"https:\/\/karesleather.com\/en\/faq-frequently-asked-questions\/\" \/>\n<meta property=\"og:locale\" content=\"en_US\" \/>\n<meta property=\"og:type\" content=\"article\" \/>\n<meta property=\"og:title\" content=\"FAQ \u2013 Frequently Asked Questions\" \/>\n<meta property=\"og:description\" content=\"Kares Leather aims to present the leather craftsmanship experiences it has accumulated over three generations at the highest level.\" \/>\n<meta property=\"og:url\" content=\"https:\/\/karesleather.com\/en\/faq-frequently-asked-questions\/\" \/>\n<meta property=\"og:site_name\" content=\"Welcome.\" \/>\n<meta property=\"article:modified_time\" content=\"2024-03-28T16:22:46+00:00\" \/>\n<meta property=\"og:image\" content=\"https:\/\/karesleather.com\/en\/wp-content\/uploads\/2024\/03\/karesleather_logo.jpg\" \/>\n\t<meta property=\"og:image:width\" content=\"1080\" \/>\n\t<meta property=\"og:image:height\" content=\"1080\" \/>\n\t<meta property=\"og:image:type\" content=\"image\/jpeg\" \/>\n<meta name=\"twitter:card\" content=\"summary_large_image\" \/>\n<meta name=\"twitter:label1\" content=\"Est. reading time\" \/>\n\t<meta name=\"twitter:data1\" content=\"1 minute\" \/>\n<script type=\"application\/ld+json\" class=\"yoast-schema-graph\">{\"@context\":\"https:\/\/schema.org\",\"@graph\":[{\"@type\":\"WebPage\",\"@id\":\"https:\/\/karesleather.com\/en\/faq-frequently-asked-questions\/\",\"url\":\"https:\/\/karesleather.com\/en\/faq-frequently-asked-questions\/\",\"name\":\"FAQ \u2013 Frequently Asked Questions - Welcome.\",\"isPartOf\":{\"@id\":\"https:\/\/karesleather.com\/en\/#website\"},\"datePublished\":\"2024-03-28T13:55:18+00:00\",\"dateModified\":\"2024-03-28T16:22:46+00:00\",\"description\":\"Kares Leather aims to present the leather craftsmanship experiences it has accumulated over three generations at the highest level.\",\"breadcrumb\":{\"@id\":\"https:\/\/karesleather.com\/en\/faq-frequently-asked-questions\/#breadcrumb\"},\"inLanguage\":\"en-US\",\"potentialAction\":[{\"@type\":\"ReadAction\",\"target\":[\"https:\/\/karesleather.com\/en\/faq-frequently-asked-questions\/\"]}]},{\"@type\":\"BreadcrumbList\",\"@id\":\"https:\/\/karesleather.com\/en\/faq-frequently-asked-questions\/#breadcrumb\",\"itemListElement\":[{\"@type\":\"ListItem\",\"position\":1,\"name\":\"Home\",\"item\":\"https:\/\/karesleather.com\/en\/\"},{\"@type\":\"ListItem\",\"position\":2,\"name\":\"FAQ \u2013 Frequently Asked Questions\"}]},{\"@type\":\"WebSite\",\"@id\":\"https:\/\/karesleather.com\/en\/#website\",\"url\":\"https:\/\/karesleather.com\/en\/\",\"name\":\"Welcome.\",\"description\":\"Kares Exotic Leather\",\"publisher\":{\"@id\":\"https:\/\/karesleather.com\/en\/#organization\"},\"alternateName\":\"Kares Exotic Leather\",\"potentialAction\":[{\"@type\":\"SearchAction\",\"target\":{\"@type\":\"EntryPoint\",\"urlTemplate\":\"https:\/\/karesleather.com\/en\/?s={search_term_string}\"},\"query-input\":{\"@type\":\"PropertyValueSpecification\",\"valueRequired\":true,\"valueName\":\"search_term_string\"}}],\"inLanguage\":\"en-US\"},{\"@type\":\"Organization\",\"@id\":\"https:\/\/karesleather.com\/en\/#organization\",\"name\":\"Kares Exotic Leather\",\"url\":\"https:\/\/karesleather.com\/en\/\",\"logo\":{\"@type\":\"ImageObject\",\"inLanguage\":\"en-US\",\"@id\":\"https:\/\/karesleather.com\/en\/#\/schema\/logo\/image\/\",\"url\":\"https:\/\/karesleather.com\/en\/wp-content\/uploads\/2024\/03\/karesleather_logo.jpg\",\"contentUrl\":\"https:\/\/karesleather.com\/en\/wp-content\/uploads\/2024\/03\/karesleather_logo.jpg\",\"width\":1080,\"height\":1080,\"caption\":\"Kares Exotic Leather\"},\"image\":{\"@id\":\"https:\/\/karesleather.com\/en\/#\/schema\/logo\/image\/\"},\"description\":\"Kares Leather aims to present the leather craftsmanship experiences it has accumulated over three generations at the highest level.\",\"legalName\":\"Kares Exotic Leather\"}]}<\/script>\n<!-- \/ Yoast SEO Premium plugin. -->","yoast_head_json":{"title":"FAQ \u2013 Frequently Asked Questions - Welcome.","description":"Kares Leather aims to present the leather craftsmanship experiences it has accumulated over three generations at the highest level.","robots":{"index":"index","follow":"follow","max-snippet":"max-snippet:-1","max-image-preview":"max-image-preview:large","max-video-preview":"max-video-preview:-1"},"canonical":"https:\/\/karesleather.com\/en\/faq-frequently-asked-questions\/","og_locale":"en_US","og_type":"article","og_title":"FAQ \u2013 Frequently Asked Questions","og_description":"Kares Leather aims to present the leather craftsmanship experiences it has accumulated over three generations at the highest level.","og_url":"https:\/\/karesleather.com\/en\/faq-frequently-asked-questions\/","og_site_name":"Welcome.","article_modified_time":"2024-03-28T16:22:46+00:00","og_image":[{"width":1080,"height":1080,"url":"https:\/\/karesleather.com\/en\/wp-content\/uploads\/2024\/03\/karesleather_logo.jpg","type":"image\/jpeg"}],"twitter_card":"summary_large_image","twitter_misc":{"Est. reading time":"1 minute"},"schema":{"@context":"https:\/\/schema.org","@graph":[{"@type":"WebPage","@id":"https:\/\/karesleather.com\/en\/faq-frequently-asked-questions\/","url":"https:\/\/karesleather.com\/en\/faq-frequently-asked-questions\/","name":"FAQ \u2013 Frequently Asked Questions - Welcome.","isPartOf":{"@id":"https:\/\/karesleather.com\/en\/#website"},"datePublished":"2024-03-28T13:55:18+00:00","dateModified":"2024-03-28T16:22:46+00:00","description":"Kares Leather aims to present the leather craftsmanship experiences it has accumulated over three generations at the highest level.","breadcrumb":{"@id":"https:\/\/karesleather.com\/en\/faq-frequently-asked-questions\/#breadcrumb"},"inLanguage":"en-US","potentialAction":[{"@type":"ReadAction","target":["https:\/\/karesleather.com\/en\/faq-frequently-asked-questions\/"]}]},{"@type":"BreadcrumbList","@id":"https:\/\/karesleather.com\/en\/faq-frequently-asked-questions\/#breadcrumb","itemListElement":[{"@type":"ListItem","position":1,"name":"Home","item":"https:\/\/karesleather.com\/en\/"},{"@type":"ListItem","position":2,"name":"FAQ \u2013 Frequently Asked Questions"}]},{"@type":"WebSite","@id":"https:\/\/karesleather.com\/en\/#website","url":"https:\/\/karesleather.com\/en\/","name":"Welcome.","description":"Kares Exotic Leather","publisher":{"@id":"https:\/\/karesleather.com\/en\/#organization"},"alternateName":"Kares Exotic Leather","potentialAction":[{"@type":"SearchAction","target":{"@type":"EntryPoint","urlTemplate":"https:\/\/karesleather.com\/en\/?s={search_term_string}"},"query-input":{"@type":"PropertyValueSpecification","valueRequired":true,"valueName":"search_term_string"}}],"inLanguage":"en-US"},{"@type":"Organization","@id":"https:\/\/karesleather.com\/en\/#organization","name":"Kares Exotic Leather","url":"https:\/\/karesleather.com\/en\/","logo":{"@type":"ImageObject","inLanguage":"en-US","@id":"https:\/\/karesleather.com\/en\/#\/schema\/logo\/image\/","url":"https:\/\/karesleather.com\/en\/wp-content\/uploads\/2024\/03\/karesleather_logo.jpg","contentUrl":"https:\/\/karesleather.com\/en\/wp-content\/uploads\/2024\/03\/karesleather_logo.jpg","width":1080,"height":1080,"caption":"Kares Exotic Leather"},"image":{"@id":"https:\/\/karesleather.com\/en\/#\/schema\/logo\/image\/"},"description":"Kares Leather aims to present the leather craftsmanship experiences it has accumulated over three generations at the highest level.","legalName":"Kares Exotic Leather"}]}},"_links":{"self":[{"href":"https:\/\/karesleather.com\/en\/wp-json\/wp\/v2\/pages\/53","targetHints":{"allow":["GET"]}}],"collection":[{"href":"https:\/\/karesleather.com\/en\/wp-json\/wp\/v2\/pages"}],"about":[{"href":"https:\/\/karesleather.com\/en\/wp-json\/wp\/v2\/types\/page"}],"author":[{"embeddable":true,"href":"https:\/\/karesleather.com\/en\/wp-json\/wp\/v2\/users\/1"}],"replies":[{"embeddable":true,"href":"https:\/\/karesleather.com\/en\/wp-json\/wp\/v2\/comments?post=53"}],"version-history":[{"count":0,"href":"https:\/\/karesleather.com\/en\/wp-json\/wp\/v2\/pages\/53\/revisions"}],"wp:attachment":[{"href":"https:\/\/karesleather.com\/en\/wp-json\/wp\/v2\/media?parent=53"}],"curies":[{"name":"wp","href":"https:\/\/api.w.org\/{rel}","templated":true}]}}